{"id":480,"date":"2022-10-15T20:59:35","date_gmt":"2022-10-15T18:59:35","guid":{"rendered":"https:\/\/showcase-hotel.better-hotel.com\/?page_id=480"},"modified":"2022-10-15T21:54:35","modified_gmt":"2022-10-15T19:54:35","slug":"pobyty","status":"publish","type":"page","link":"https:\/\/showcase-hotel.better-hotel.com\/de\/pobyty\/","title":{"rendered":"Pobyty"},"content":{"rendered":"<div data-elementor-type=\"wp-page\" data-elementor-id=\"480\" class=\"elementor elementor-480\" data-elementor-settings=\"[]\">\n\t\t\t\t\t\t<div class=\"elementor-inner\">\n\t\t\t\t\t\t\t<div class=\"elementor-section-wrap\">\n\t\t\t\t\t\t\t<section class=\"elementor-section elementor-top-section elementor-element elementor-element-7889e5f elementor-section-boxed elementor-section-height-default elementor-section-height-default\" data-id=\"7889e5f\" data-element_type=\"section\">\n\t\t\t\t\t\t<div class=\"elementor-container elementor-column-gap-default\">\n\t\t\t\t\t\t\t<div class=\"elementor-row\">\n\t\t\t\t\t<div class=\"elementor-column elementor-col-100 elementor-top-column elementor-element elementor-element-22512e9\" data-id=\"22512e9\" data-element_type=\"column\">\n\t\t\t<div class=\"elementor-column-wrap elementor-element-populated\">\n\t\t\t\t\t\t\t<div class=\"elementor-widget-wrap\">\n\t\t\t\t\t\t<div class=\"elementor-element elementor-element-947d439 elementor-widget elementor-widget-heading\" data-id=\"947d439\" data-element_type=\"widget\" data-widget_type=\"heading.default\">\n\t\t\t\t<div class=\"elementor-widget-container\">\n\t\t\t<h1 class=\"elementor-heading-title elementor-size-default\">Pobyty<\/h1>\t\t<\/div>\n\t\t\t\t<\/div>\n\t\t\t\t<div class=\"elementor-element elementor-element-caaafaf elementor-widget elementor-widget-text-editor\" data-id=\"caaafaf\" data-element_type=\"widget\" data-widget_type=\"text-editor.default\">\n\t\t\t\t<div class=\"elementor-widget-container\">\n\t\t\t\t\t<div class=\"elementor-text-editor elementor-clearfix\"><p style=\"text-align: center;\">Vyberte si z nab\u00eddky pobytov\u00fdch bal\u00ed\u010dk\u016f v hotelu MAYFAIR.<\/p><\/div>\n\t\t\t\t<\/div>\n\t\t\t\t<\/div>\n\t\t\t\t<div class=\"elementor-element elementor-element-caed165 elementor-widget elementor-widget-html\" data-id=\"caed165\" data-element_type=\"widget\" data-widget_type=\"html.default\">\n\t\t\t\t<div class=\"elementor-widget-container\">\n\t\t\t<div id=\"mevris-booking-engine\"  data-package-only=\"true\" data-color=\"6EC1E4\" data-id=\"e0793b6b1981fe5d8884f25d1e919d32\"><\/div><script src=\"https:\/\/ibe.better-hotel.com\/app\/iframe\/iframe.js\" type=\"text\/javascript\"><\/script>\t\t<\/div>\n\t\t\t\t<\/div>\n\t\t\t\t\t\t<\/div>\n\t\t\t\t\t<\/div>\n\t\t<\/div>\n\t\t\t\t\t\t\t\t<\/div>\n\t\t\t\t\t<\/div>\n\t\t<\/section>\n\t\t\t\t\t\t<\/div>\n\t\t\t\t\t\t<\/div>\n\t\t\t\t\t<\/div>","protected":false},"excerpt":{"rendered":"<p>Pobyty Vyberte si z nab\u00eddky pobytov\u00fdch bal\u00ed\u010dk\u016f v hotelu MAYFAIR.<\/p>","protected":false},"author":1,"featured_media":0,"parent":0,"menu_order":0,"comment_status":"closed","ping_status":"closed","template":"","meta":{"footnotes":""},"aioseo_notices":[],"_links":{"self":[{"href":"https:\/\/showcase-hotel.better-hotel.com\/de\/wp-json\/wp\/v2\/pages\/480"}],"collection":[{"href":"https:\/\/showcase-hotel.better-hotel.com\/de\/wp-json\/wp\/v2\/pages"}],"about":[{"href":"https:\/\/showcase-hotel.better-hotel.com\/de\/wp-json\/wp\/v2\/types\/page"}],"author":[{"embeddable":true,"href":"https:\/\/showcase-hotel.better-hotel.com\/de\/wp-json\/wp\/v2\/users\/1"}],"replies":[{"embeddable":true,"href":"https:\/\/showcase-hotel.better-hotel.com\/de\/wp-json\/wp\/v2\/comments?post=480"}],"version-history":[{"count":14,"href":"https:\/\/showcase-hotel.better-hotel.com\/de\/wp-json\/wp\/v2\/pages\/480\/revisions"}],"predecessor-version":[{"id":574,"href":"https:\/\/showcase-hotel.better-hotel.com\/de\/wp-json\/wp\/v2\/pages\/480\/revisions\/574"}],"wp:attachment":[{"href":"https:\/\/showcase-hotel.better-hotel.com\/de\/wp-json\/wp\/v2\/media?parent=480"}],"curies":[{"name":"wp","href":"https:\/\/api.w.org\/{rel}","templated":true}]}}