{"id":209,"date":"2020-07-08T16:47:17","date_gmt":"2020-07-08T14:47:17","guid":{"rendered":"https:\/\/showcase-hotel.better-hotel.com\/?page_id=209"},"modified":"2020-09-16T09:52:27","modified_gmt":"2020-09-16T07:52:27","slug":"restaurace-2","status":"publish","type":"page","link":"https:\/\/showcase-hotel.better-hotel.com\/de\/restaurace-2\/","title":{"rendered":"Restaurace"},"content":{"rendered":"<div data-elementor-type=\"wp-page\" data-elementor-id=\"209\" class=\"elementor elementor-209\" data-elementor-settings=\"[]\">\n\t\t\t\t\t\t<div class=\"elementor-inner\">\n\t\t\t\t\t\t\t<div class=\"elementor-section-wrap\">\n\t\t\t\t\t\t\t<section class=\"elementor-section elementor-top-section elementor-element elementor-element-cc513ce elementor-section-height-min-height elementor-section-boxed elementor-section-height-default elementor-section-items-middle\" data-id=\"cc513ce\" data-element_type=\"section\" data-settings=\"{&quot;background_background&quot;:&quot;classic&quot;}\">\n\t\t\t\t\t\t\t<div class=\"elementor-background-overlay\"><\/div>\n\t\t\t\t\t\t\t<div class=\"elementor-container elementor-column-gap-default\">\n\t\t\t\t\t\t\t<div class=\"elementor-row\">\n\t\t\t\t\t<div class=\"elementor-column elementor-col-100 elementor-top-column elementor-element elementor-element-906df98\" data-id=\"906df98\" data-element_type=\"column\">\n\t\t\t<div class=\"elementor-column-wrap elementor-element-populated\">\n\t\t\t\t\t\t\t<div class=\"elementor-widget-wrap\">\n\t\t\t\t\t\t<div class=\"elementor-element elementor-element-17084b0 elementor-widget elementor-widget-heading\" data-id=\"17084b0\" data-element_type=\"widget\" data-widget_type=\"heading.default\">\n\t\t\t\t<div class=\"elementor-widget-container\">\n\t\t\t<h1 class=\"elementor-heading-title elementor-size-default\">Restaurace Mayfair<\/h1>\t\t<\/div>\n\t\t\t\t<\/div>\n\t\t\t\t<div class=\"elementor-element elementor-element-1ee2352 elementor-widget-divider--view-line elementor-widget elementor-widget-divider\" data-id=\"1ee2352\" data-element_type=\"widget\" data-widget_type=\"divider.default\">\n\t\t\t\t<div class=\"elementor-widget-container\">\n\t\t\t\t\t<div class=\"elementor-divider\">\n\t\t\t<span class=\"elementor-divider-separator\">\n\t\t\t\t\t\t<\/span>\n\t\t<\/div>\n\t\t\t\t<\/div>\n\t\t\t\t<\/div>\n\t\t\t\t<div class=\"elementor-element elementor-element-10fc1a3 elementor-widget elementor-widget-text-editor\" data-id=\"10fc1a3\" data-element_type=\"widget\" data-widget_type=\"text-editor.default\">\n\t\t\t\t<div class=\"elementor-widget-container\">\n\t\t\t\t\t<div class=\"elementor-text-editor elementor-clearfix\"><p>Lorem ipsum dolor sit amet, consectetur adipiscing elit. Ut elit tellus, luctus nec ullamcorper mattis, pulvinar dapibus leo.<\/p><\/div>\n\t\t\t\t<\/div>\n\t\t\t\t<\/div>\n\t\t\t\t\t\t<\/div>\n\t\t\t\t\t<\/div>\n\t\t<\/div>\n\t\t\t\t\t\t\t\t<\/div>\n\t\t\t\t\t<\/div>\n\t\t<\/section>\n\t\t\t\t<section class=\"elementor-section elementor-top-section elementor-element elementor-element-cc7598b elementor-section-height-min-height elementor-section-items-stretch elementor-section-boxed elementor-section-height-default\" data-id=\"cc7598b\" data-element_type=\"section\">\n\t\t\t\t\t\t<div class=\"elementor-container elementor-column-gap-default\">\n\t\t\t\t\t\t\t<div class=\"elementor-row\">\n\t\t\t\t\t<div class=\"elementor-column elementor-col-50 elementor-top-column elementor-element elementor-element-d7f858c\" data-id=\"d7f858c\" data-element_type=\"column\">\n\t\t\t<div class=\"elementor-column-wrap elementor-element-populated\">\n\t\t\t\t\t\t\t<div class=\"elementor-widget-wrap\">\n\t\t\t\t\t\t<div class=\"elementor-element elementor-element-a10ffae elementor-widget elementor-widget-heading\" data-id=\"a10ffae\" data-element_type=\"widget\" data-widget_type=\"heading.default\">\n\t\t\t\t<div class=\"elementor-widget-container\">\n\t\t\t<h2 class=\"elementor-heading-title elementor-size-default\">Modern\u00ed gastronomie zalo\u017een\u00e1 na sezonn\u00edch surovin\u00e1ch<\/h2>\t\t<\/div>\n\t\t\t\t<\/div>\n\t\t\t\t<div class=\"elementor-element elementor-element-6f9757a elementor-widget elementor-widget-text-editor\" data-id=\"6f9757a\" data-element_type=\"widget\" data-widget_type=\"text-editor.default\">\n\t\t\t\t<div class=\"elementor-widget-container\">\n\t\t\t\t\t<div class=\"elementor-text-editor elementor-clearfix\"><p>Lorem ipsum dolor sit amet, consectetur adipiscing elit. In ultricies dignissim turpis, at semper dolor auctor vitae. Nulla eu vehicula augue. Sed at turpis sem. Curabitur consectetur vitae nunc vel faucibus. Nulla mi purus, fringilla a nisl a, rutrum blandit lorem. Aliquam accumsan, massa nec malesuada tincidunt, dui justo volutpat diam, cursus dignissim nisi eros ut lectus. Vestibulum quis ligula quis tortor condimentum luctus id ac erat. Duis tempor, ante eu pharetra porttitor, felis nisl dictum velit, sit amet imperdiet tortor massa id nisi. Ut sollicitudin dui risus, ut maximus quam posuere a.\u00a0<\/p><\/div>\n\t\t\t\t<\/div>\n\t\t\t\t<\/div>\n\t\t\t\t\t\t<\/div>\n\t\t\t\t\t<\/div>\n\t\t<\/div>\n\t\t\t\t<div class=\"elementor-column elementor-col-50 elementor-top-column elementor-element elementor-element-0107b03\" data-id=\"0107b03\" data-element_type=\"column\">\n\t\t\t<div class=\"elementor-column-wrap elementor-element-populated\">\n\t\t\t\t\t\t\t<div class=\"elementor-widget-wrap\">\n\t\t\t\t\t\t<div class=\"elementor-element elementor-element-95c0882 elementor-widget elementor-widget-image\" data-id=\"95c0882\" data-element_type=\"widget\" data-widget_type=\"image.default\">\n\t\t\t\t<div class=\"elementor-widget-container\">\n\t\t\t\t\t<div class=\"elementor-image\">\n\t\t\t\t\t\t\t\t\t\t<img loading=\"lazy\" width=\"800\" height=\"534\" src=\"https:\/\/showcase-hotel.better-hotel.com\/wp-content\/uploads\/sites\/2\/2020\/06\/beef-cuisine-delicious-dinner-299347-1024x683.jpg\" class=\"attachment-large size-large\" alt=\"\" decoding=\"async\" srcset=\"https:\/\/showcase-hotel.better-hotel.com\/wp-content\/uploads\/sites\/2\/2020\/06\/beef-cuisine-delicious-dinner-299347-1024x683.jpg 1024w, https:\/\/showcase-hotel.better-hotel.com\/wp-content\/uploads\/sites\/2\/2020\/06\/beef-cuisine-delicious-dinner-299347-300x200.jpg 300w, https:\/\/showcase-hotel.better-hotel.com\/wp-content\/uploads\/sites\/2\/2020\/06\/beef-cuisine-delicious-dinner-299347-768x512.jpg 768w, https:\/\/showcase-hotel.better-hotel.com\/wp-content\/uploads\/sites\/2\/2020\/06\/beef-cuisine-delicious-dinner-299347-1536x1024.jpg 1536w, https:\/\/showcase-hotel.better-hotel.com\/wp-content\/uploads\/sites\/2\/2020\/06\/beef-cuisine-delicious-dinner-299347.jpg 1920w\" sizes=\"(max-width: 800px) 100vw, 800px\" \/>\t\t\t\t\t\t\t\t\t\t\t<\/div>\n\t\t\t\t<\/div>\n\t\t\t\t<\/div>\n\t\t\t\t\t\t<\/div>\n\t\t\t\t\t<\/div>\n\t\t<\/div>\n\t\t\t\t\t\t\t\t<\/div>\n\t\t\t\t\t<\/div>\n\t\t<\/section>\n\t\t\t\t<section class=\"elementor-section elementor-top-section elementor-element elementor-element-4277231 elementor-section-height-min-height elementor-section-items-stretch elementor-section-boxed elementor-section-height-default\" data-id=\"4277231\" data-element_type=\"section\">\n\t\t\t\t\t\t<div class=\"elementor-container elementor-column-gap-default\">\n\t\t\t\t\t\t\t<div class=\"elementor-row\">\n\t\t\t\t\t<div class=\"elementor-column elementor-col-50 elementor-top-column elementor-element elementor-element-9c0afc5 second\" data-id=\"9c0afc5\" data-element_type=\"column\">\n\t\t\t<div class=\"elementor-column-wrap elementor-element-populated\">\n\t\t\t\t\t\t\t<div class=\"elementor-widget-wrap\">\n\t\t\t\t\t\t<div class=\"elementor-element elementor-element-b1014a1 elementor-widget elementor-widget-image\" data-id=\"b1014a1\" data-element_type=\"widget\" data-widget_type=\"image.default\">\n\t\t\t\t<div class=\"elementor-widget-container\">\n\t\t\t\t\t<div class=\"elementor-image\">\n\t\t\t\t\t\t\t\t\t\t<img loading=\"lazy\" width=\"800\" height=\"534\" src=\"https:\/\/showcase-hotel.better-hotel.com\/wp-content\/uploads\/sites\/2\/2020\/06\/empty-dining-tables-and-chairs-1579739-1024x683.jpg\" class=\"attachment-large size-large\" alt=\"\" decoding=\"async\" srcset=\"https:\/\/showcase-hotel.better-hotel.com\/wp-content\/uploads\/sites\/2\/2020\/06\/empty-dining-tables-and-chairs-1579739-1024x683.jpg 1024w, https:\/\/showcase-hotel.better-hotel.com\/wp-content\/uploads\/sites\/2\/2020\/06\/empty-dining-tables-and-chairs-1579739-300x200.jpg 300w, https:\/\/showcase-hotel.better-hotel.com\/wp-content\/uploads\/sites\/2\/2020\/06\/empty-dining-tables-and-chairs-1579739-768x512.jpg 768w, https:\/\/showcase-hotel.better-hotel.com\/wp-content\/uploads\/sites\/2\/2020\/06\/empty-dining-tables-and-chairs-1579739-1536x1024.jpg 1536w, https:\/\/showcase-hotel.better-hotel.com\/wp-content\/uploads\/sites\/2\/2020\/06\/empty-dining-tables-and-chairs-1579739.jpg 1920w\" sizes=\"(max-width: 800px) 100vw, 800px\" \/>\t\t\t\t\t\t\t\t\t\t\t<\/div>\n\t\t\t\t<\/div>\n\t\t\t\t<\/div>\n\t\t\t\t\t\t<\/div>\n\t\t\t\t\t<\/div>\n\t\t<\/div>\n\t\t\t\t<div class=\"elementor-column elementor-col-50 elementor-top-column elementor-element elementor-element-09ceb6b\" data-id=\"09ceb6b\" data-element_type=\"column\">\n\t\t\t<div class=\"elementor-column-wrap elementor-element-populated\">\n\t\t\t\t\t\t\t<div class=\"elementor-widget-wrap\">\n\t\t\t\t\t\t<div class=\"elementor-element elementor-element-7e5ed06 elementor-widget elementor-widget-heading\" data-id=\"7e5ed06\" data-element_type=\"widget\" data-widget_type=\"heading.default\">\n\t\t\t\t<div class=\"elementor-widget-container\">\n\t\t\t<h2 class=\"elementor-heading-title elementor-size-default\">Unik\u00e1tn\u00ed prostory pro obchodn\u00ed ob\u011bd  i&nbspromantickou ve\u010de\u0159i<\/h2>\t\t<\/div>\n\t\t\t\t<\/div>\n\t\t\t\t<div class=\"elementor-element elementor-element-56b8ba4 elementor-widget elementor-widget-text-editor\" data-id=\"56b8ba4\" data-element_type=\"widget\" data-widget_type=\"text-editor.default\">\n\t\t\t\t<div class=\"elementor-widget-container\">\n\t\t\t\t\t<div class=\"elementor-text-editor elementor-clearfix\"><p>Lorem ipsum dolor sit amet, consectetur adipiscing elit. In ultricies dignissim turpis, at semper dolor auctor vitae. Nulla eu vehicula augue. Sed at turpis sem. Curabitur consectetur vitae nunc vel faucibus. Nulla mi purus, fringilla a nisl a, rutrum blandit lorem. Aliquam accumsan, massa nec malesuada tincidunt, dui justo volutpat diam, cursus dignissim nisi eros ut lectus. Vestibulum quis ligula quis tortor condimentum luctus id ac erat. Duis tempor, ante eu pharetra porttitor, felis nisl dictum velit, sit amet imperdiet tortor massa id nisi. Ut sollicitudin dui risus, ut maximus quam posuere a.\u00a0<\/p><\/div>\n\t\t\t\t<\/div>\n\t\t\t\t<\/div>\n\t\t\t\t\t\t<\/div>\n\t\t\t\t\t<\/div>\n\t\t<\/div>\n\t\t\t\t\t\t\t\t<\/div>\n\t\t\t\t\t<\/div>\n\t\t<\/section>\n\t\t\t\t<section class=\"elementor-section elementor-top-section elementor-element elementor-element-d640fe7 elementor-section-height-min-height elementor-section-boxed elementor-section-height-default elementor-section-items-middle\" data-id=\"d640fe7\" data-element_type=\"section\" data-settings=\"{&quot;background_background&quot;:&quot;classic&quot;}\">\n\t\t\t\t\t\t\t<div class=\"elementor-background-overlay\"><\/div>\n\t\t\t\t\t\t\t<div class=\"elementor-container elementor-column-gap-default\">\n\t\t\t\t\t\t\t<div class=\"elementor-row\">\n\t\t\t\t\t<div class=\"elementor-column elementor-col-100 elementor-top-column elementor-element elementor-element-3906a17\" data-id=\"3906a17\" data-element_type=\"column\">\n\t\t\t<div class=\"elementor-column-wrap elementor-element-populated\">\n\t\t\t\t\t\t\t<div class=\"elementor-widget-wrap\">\n\t\t\t\t\t\t<div class=\"elementor-element elementor-element-76fc6d6 elementor-widget elementor-widget-heading\" data-id=\"76fc6d6\" data-element_type=\"widget\" data-widget_type=\"heading.default\">\n\t\t\t\t<div class=\"elementor-widget-container\">\n\t\t\t<h2 class=\"elementor-heading-title elementor-size-default\">Nab\u00eddka<\/h2>\t\t<\/div>\n\t\t\t\t<\/div>\n\t\t\t\t<div class=\"elementor-element elementor-element-5a784fd elementor-align-right elementor-widget__width-initial elementor-widget elementor-widget-button\" data-id=\"5a784fd\" data-element_type=\"widget\" data-widget_type=\"button.default\">\n\t\t\t\t<div class=\"elementor-widget-container\">\n\t\t\t\t\t<div class=\"elementor-button-wrapper\">\n\t\t\t<a href=\"https:\/\/showcase-hotel.better-hotel.com\/wp-content\/uploads\/sites\/2\/2020\/09\/\u010cte\u010dka-doklad\u016f-nab\u00eddka.pdf\" target=\"_blank\" class=\"elementor-button-link elementor-button elementor-size-sm\" role=\"button\">\n\t\t\t\t\t\t<span class=\"elementor-button-content-wrapper\">\n\t\t\t\t\t\t<span class=\"elementor-button-text\">St\u00e1l\u00e9 menu<\/span>\n\t\t<\/span>\n\t\t\t\t\t<\/a>\n\t\t<\/div>\n\t\t\t\t<\/div>\n\t\t\t\t<\/div>\n\t\t\t\t<div class=\"elementor-element elementor-element-2066f03 elementor-align-left elementor-widget__width-initial elementor-widget elementor-widget-button\" data-id=\"2066f03\" data-element_type=\"widget\" data-widget_type=\"button.default\">\n\t\t\t\t<div class=\"elementor-widget-container\">\n\t\t\t\t\t<div class=\"elementor-button-wrapper\">\n\t\t\t<a class=\"elementor-button elementor-size-sm\" role=\"button\">\n\t\t\t\t\t\t<span class=\"elementor-button-content-wrapper\">\n\t\t\t\t\t\t<span class=\"elementor-button-text\">Denn\u00ed menu<\/span>\n\t\t<\/span>\n\t\t\t\t\t<\/a>\n\t\t<\/div>\n\t\t\t\t<\/div>\n\t\t\t\t<\/div>\n\t\t\t\t\t\t<\/div>\n\t\t\t\t\t<\/div>\n\t\t<\/div>\n\t\t\t\t\t\t\t\t<\/div>\n\t\t\t\t\t<\/div>\n\t\t<\/section>\n\t\t\t\t<section class=\"elementor-section elementor-top-section elementor-element elementor-element-51cfafe elementor-section-stretched elementor-section-full_width elementor-section-height-default elementor-section-height-default\" data-id=\"51cfafe\" data-element_type=\"section\" data-settings=\"{&quot;stretch_section&quot;:&quot;section-stretched&quot;}\">\n\t\t\t\t\t\t<div class=\"elementor-container elementor-column-gap-default\">\n\t\t\t\t\t\t\t<div class=\"elementor-row\">\n\t\t\t\t\t<div class=\"elementor-column elementor-col-100 elementor-top-column elementor-element elementor-element-d513cf4\" data-id=\"d513cf4\" data-element_type=\"column\">\n\t\t\t<div class=\"elementor-column-wrap elementor-element-populated\">\n\t\t\t\t\t\t\t<div class=\"elementor-widget-wrap\">\n\t\t\t\t\t\t<div class=\"elementor-element elementor-element-3943121 elementor-widget elementor-widget-heading\" data-id=\"3943121\" data-element_type=\"widget\" data-widget_type=\"heading.default\">\n\t\t\t\t<div class=\"elementor-widget-container\">\n\t\t\t<h2 class=\"elementor-heading-title elementor-size-default\">Fotogalerie<\/h2>\t\t<\/div>\n\t\t\t\t<\/div>\n\t\t\t\t<div class=\"elementor-element elementor-element-e56c30c elementor-widget elementor-widget-gallery\" data-id=\"e56c30c\" data-element_type=\"widget\" data-settings=\"{&quot;gallery_layout&quot;:&quot;justified&quot;,&quot;ideal_row_height&quot;:{&quot;unit&quot;:&quot;px&quot;,&quot;size&quot;:300,&quot;sizes&quot;:[]},&quot;gap&quot;:{&quot;unit&quot;:&quot;px&quot;,&quot;size&quot;:12,&quot;sizes&quot;:[]},&quot;lazyload&quot;:&quot;yes&quot;,&quot;ideal_row_height_tablet&quot;:{&quot;unit&quot;:&quot;px&quot;,&quot;size&quot;:150,&quot;sizes&quot;:[]},&quot;ideal_row_height_mobile&quot;:{&quot;unit&quot;:&quot;px&quot;,&quot;size&quot;:150,&quot;sizes&quot;:[]},&quot;gap_tablet&quot;:{&quot;unit&quot;:&quot;px&quot;,&quot;size&quot;:10,&quot;sizes&quot;:[]},&quot;gap_mobile&quot;:{&quot;unit&quot;:&quot;px&quot;,&quot;size&quot;:10,&quot;sizes&quot;:[]},&quot;link_to&quot;:&quot;file&quot;,&quot;overlay_background&quot;:&quot;yes&quot;,&quot;content_hover_animation&quot;:&quot;fade-in&quot;}\" data-widget_type=\"gallery.default\">\n\t\t\t\t<div class=\"elementor-widget-container\">\n\t\t\t\t\t<div class=\"elementor-gallery__container\">\n\t\t\t\t\t\t\t<a class=\"e-gallery-item elementor-gallery-item elementor-animated-content\" href=\"https:\/\/showcase-hotel.better-hotel.com\/wp-content\/uploads\/sites\/2\/2020\/06\/chef-preparing-vegetable-dish-on-tree-slab-1267320.jpg\" data-elementor-open-lightbox=\"yes\" data-elementor-lightbox-slideshow=\"all-e56c30c\" data-elementor-lightbox-title=\"chef-preparing-vegetable-dish-on-tree-slab-1267320\">\n\t\t\t\t\t<div class=\"e-gallery-image elementor-gallery-item__image\" data-thumbnail=\"https:\/\/showcase-hotel.better-hotel.com\/wp-content\/uploads\/sites\/2\/2020\/06\/chef-preparing-vegetable-dish-on-tree-slab-1267320-768x512.jpg\" data-width=\"768\" data-height=\"512\" alt=\"\" ><\/div>\n\t\t\t\t\t\t\t\t\t\t<div class=\"elementor-gallery-item__overlay\"><\/div>\n\t\t\t\t\t\t\t\t\t\t\t\t\t\t<\/a>\n\t\t\t\t\t\t\t<a class=\"e-gallery-item elementor-gallery-item elementor-animated-content\" href=\"https:\/\/showcase-hotel.better-hotel.com\/wp-content\/uploads\/sites\/2\/2020\/06\/beef-cuisine-delicious-dinner-299347.jpg\" data-elementor-open-lightbox=\"yes\" data-elementor-lightbox-slideshow=\"all-e56c30c\" data-elementor-lightbox-title=\"beef-cuisine-delicious-dinner-299347\">\n\t\t\t\t\t<div class=\"e-gallery-image elementor-gallery-item__image\" data-thumbnail=\"https:\/\/showcase-hotel.better-hotel.com\/wp-content\/uploads\/sites\/2\/2020\/06\/beef-cuisine-delicious-dinner-299347-768x512.jpg\" data-width=\"768\" data-height=\"512\" alt=\"\" ><\/div>\n\t\t\t\t\t\t\t\t\t\t<div class=\"elementor-gallery-item__overlay\"><\/div>\n\t\t\t\t\t\t\t\t\t\t\t\t\t\t<\/a>\n\t\t\t\t\t\t\t<a class=\"e-gallery-item elementor-gallery-item elementor-animated-content\" href=\"https:\/\/showcase-hotel.better-hotel.com\/wp-content\/uploads\/sites\/2\/2020\/06\/empty-dining-tables-and-chairs-1579739.jpg\" data-elementor-open-lightbox=\"yes\" data-elementor-lightbox-slideshow=\"all-e56c30c\" data-elementor-lightbox-title=\"empty-dining-tables-and-chairs-1579739\">\n\t\t\t\t\t<div class=\"e-gallery-image elementor-gallery-item__image\" data-thumbnail=\"https:\/\/showcase-hotel.better-hotel.com\/wp-content\/uploads\/sites\/2\/2020\/06\/empty-dining-tables-and-chairs-1579739-768x512.jpg\" data-width=\"768\" data-height=\"512\" alt=\"\" ><\/div>\n\t\t\t\t\t\t\t\t\t\t<div class=\"elementor-gallery-item__overlay\"><\/div>\n\t\t\t\t\t\t\t\t\t\t\t\t\t\t<\/a>\n\t\t\t\t\t\t\t<a class=\"e-gallery-item elementor-gallery-item elementor-animated-content\" href=\"https:\/\/showcase-hotel.better-hotel.com\/wp-content\/uploads\/sites\/2\/2020\/06\/cooked-food-704569-768x1024-1.jpg\" data-elementor-open-lightbox=\"yes\" data-elementor-lightbox-slideshow=\"all-e56c30c\" data-elementor-lightbox-title=\"cooked-food-704569-768x1024\">\n\t\t\t\t\t<div class=\"e-gallery-image elementor-gallery-item__image\" data-thumbnail=\"https:\/\/showcase-hotel.better-hotel.com\/wp-content\/uploads\/sites\/2\/2020\/06\/cooked-food-704569-768x1024-1.jpg\" data-width=\"768\" data-height=\"1024\" alt=\"\" ><\/div>\n\t\t\t\t\t\t\t\t\t\t<div class=\"elementor-gallery-item__overlay\"><\/div>\n\t\t\t\t\t\t\t\t\t\t\t\t\t\t<\/a>\n\t\t\t\t\t\t\t<a class=\"e-gallery-item elementor-gallery-item elementor-animated-content\" href=\"https:\/\/showcase-hotel.better-hotel.com\/wp-content\/uploads\/sites\/2\/2020\/06\/martin-widenka-tkfRSPt-jdk-unsplash-1024x1024-1.jpg\" data-elementor-open-lightbox=\"yes\" data-elementor-lightbox-slideshow=\"all-e56c30c\" data-elementor-lightbox-title=\"martin-widenka-tkfRSPt-jdk-unsplash-1024x1024\">\n\t\t\t\t\t<div class=\"e-gallery-image elementor-gallery-item__image\" data-thumbnail=\"https:\/\/showcase-hotel.better-hotel.com\/wp-content\/uploads\/sites\/2\/2020\/06\/martin-widenka-tkfRSPt-jdk-unsplash-1024x1024-1-768x768.jpg\" data-width=\"768\" data-height=\"768\" alt=\"\" ><\/div>\n\t\t\t\t\t\t\t\t\t\t<div class=\"elementor-gallery-item__overlay\"><\/div>\n\t\t\t\t\t\t\t\t\t\t\t\t\t\t<\/a>\n\t\t\t\t\t\t\t<a class=\"e-gallery-item elementor-gallery-item elementor-animated-content\" href=\"https:\/\/showcase-hotel.better-hotel.com\/wp-content\/uploads\/sites\/2\/2020\/07\/pan-xiaozhen-x-iM-wOy9Jg-unsplash.jpg\" data-elementor-open-lightbox=\"yes\" data-elementor-lightbox-slideshow=\"all-e56c30c\" data-elementor-lightbox-title=\"pan-xiaozhen-x-iM-wOy9Jg-unsplash\">\n\t\t\t\t\t<div class=\"e-gallery-image elementor-gallery-item__image\" data-thumbnail=\"https:\/\/showcase-hotel.better-hotel.com\/wp-content\/uploads\/sites\/2\/2020\/07\/pan-xiaozhen-x-iM-wOy9Jg-unsplash.jpg\" data-width=\"640\" data-height=\"360\" alt=\"\" ><\/div>\n\t\t\t\t\t\t\t\t\t\t<div class=\"elementor-gallery-item__overlay\"><\/div>\n\t\t\t\t\t\t\t\t\t\t\t\t\t\t<\/a>\n\t\t\t\t\t\t\t<a class=\"e-gallery-item elementor-gallery-item elementor-animated-content\" href=\"https:\/\/showcase-hotel.better-hotel.com\/wp-content\/uploads\/sites\/2\/2020\/06\/jenn-kosar-k5VGs9qQubc-unsplash.jpg\" data-elementor-open-lightbox=\"yes\" data-elementor-lightbox-slideshow=\"all-e56c30c\" data-elementor-lightbox-title=\"jenn-kosar-k5VGs9qQubc-unsplash\">\n\t\t\t\t\t<div class=\"e-gallery-image elementor-gallery-item__image\" data-thumbnail=\"https:\/\/showcase-hotel.better-hotel.com\/wp-content\/uploads\/sites\/2\/2020\/06\/jenn-kosar-k5VGs9qQubc-unsplash.jpg\" data-width=\"640\" data-height=\"853\" alt=\"\" ><\/div>\n\t\t\t\t\t\t\t\t\t\t<div class=\"elementor-gallery-item__overlay\"><\/div>\n\t\t\t\t\t\t\t\t\t\t\t\t\t\t<\/a>\n\t\t\t\t\t<\/div>\n\t\t\t<\/div>\n\t\t\t\t<\/div>\n\t\t\t\t\t\t<\/div>\n\t\t\t\t\t<\/div>\n\t\t<\/div>\n\t\t\t\t\t\t\t\t<\/div>\n\t\t\t\t\t<\/div>\n\t\t<\/section>\n\t\t\t\t\t\t<\/div>\n\t\t\t\t\t\t<\/div>\n\t\t\t\t\t<\/div>","protected":false},"excerpt":{"rendered":"<p>Restaurace Mayfair Lorem ipsum dolor sit amet, consectetur adipiscing elit. Ut elit tellus, luctus nec ullamcorper mattis, pulvinar dapibus leo. Modern\u00ed gastronomie zalo\u017een\u00e1 na sezonn\u00edch surovin\u00e1ch Lorem ipsum dolor sit amet, consectetur adipiscing elit. In ultricies dignissim turpis, at semper dolor auctor vitae. Nulla eu vehicula augue. Sed at turpis sem. Curabitur consectetur vitae nunc [&hellip;]<\/p>","protected":false},"author":1,"featured_media":0,"parent":0,"menu_order":4,"comment_status":"closed","ping_status":"closed","template":"elementor_header_footer","meta":{"footnotes":""},"aioseo_notices":[],"_links":{"self":[{"href":"https:\/\/showcase-hotel.better-hotel.com\/de\/wp-json\/wp\/v2\/pages\/209"}],"collection":[{"href":"https:\/\/showcase-hotel.better-hotel.com\/de\/wp-json\/wp\/v2\/pages"}],"about":[{"href":"https:\/\/showcase-hotel.better-hotel.com\/de\/wp-json\/wp\/v2\/types\/page"}],"author":[{"embeddable":true,"href":"https:\/\/showcase-hotel.better-hotel.com\/de\/wp-json\/wp\/v2\/users\/1"}],"replies":[{"embeddable":true,"href":"https:\/\/showcase-hotel.better-hotel.com\/de\/wp-json\/wp\/v2\/comments?post=209"}],"version-history":[{"count":13,"href":"https:\/\/showcase-hotel.better-hotel.com\/de\/wp-json\/wp\/v2\/pages\/209\/revisions"}],"predecessor-version":[{"id":462,"href":"https:\/\/showcase-hotel.better-hotel.com\/de\/wp-json\/wp\/v2\/pages\/209\/revisions\/462"}],"wp:attachment":[{"href":"https:\/\/showcase-hotel.better-hotel.com\/de\/wp-json\/wp\/v2\/media?parent=209"}],"curies":[{"name":"wp","href":"https:\/\/api.w.org\/{rel}","templated":true}]}}